{"id":251,"date":"2023-02-02T20:24:34","date_gmt":"2023-02-02T18:24:34","guid":{"rendered":"https:\/\/220school.kiev.ua\/?page_id=251"},"modified":"2025-12-18T19:39:46","modified_gmt":"2025-12-18T17:39:46","slug":"%d0%bf%d1%80%d0%be-%d1%88%d0%ba%d0%be%d0%bb%d1%83","status":"publish","type":"page","link":"https:\/\/220school.kyiv.ua\/?page_id=251","title":{"rendered":"\u041f\u0440\u043e \u043b\u0456\u0446\u0435\u0439"},"content":{"rendered":"<div id=\"pl-gb251-69e3c47c51a84\"  class=\"panel-layout wp-block-siteorigin-panels-layout-block\" ><div id=\"pg-gb251-69e3c47c51a84-0\"  class=\"panel-grid panel-no-style\" ><div id=\"pgc-gb251-69e3c47c51a84-0-0\"  class=\"panel-grid-cell\" ><div id=\"panel-gb251-69e3c47c51a84-0-0-0\" class=\"so-panel widget widget_sow-image panel-first-child panel-last-child\" data-index=\"0\" ><div\n\t\t\t\n\t\t\tclass=\"so-widget-sow-image so-widget-sow-image-default-8b5b6f678277-251\"\n\t\t\t\n\t\t>\n<div class=\"sow-image-container\">\n\t\t<img \n\tsrc=\"https:\/\/220school.kyiv.ua\/wp-content\/uploads\/2025\/02\/2-1.jpg\" width=\"1187\" height=\"798\" sizes=\"(max-width: 1187px) 100vw, 1187px\" title=\"2\" alt=\"\" \t\tclass=\"so-widget-image\"\/>\n\t<\/div>\n\n<\/div><\/div><\/div><div id=\"pgc-gb251-69e3c47c51a84-0-1\"  class=\"panel-grid-cell\" ><div id=\"panel-gb251-69e3c47c51a84-0-1-0\" class=\"so-panel widget widget_sow-editor panel-first-child panel-last-child\" data-index=\"1\" ><div\n\t\t\t\n\t\t\tclass=\"so-widget-sow-editor so-widget-sow-editor-base\"\n\t\t\t\n\t\t>\n<div class=\"siteorigin-widget-tinymce textwidget\">\n\t<p>1979 \u0440\u0456\u043a \u2013 \u0432\u0456\u0434\u043a\u0440\u0438\u0442\u0442\u044f \u0441\u0435\u0440\u0435\u0434\u043d\u044c\u043e\u0457 \u0437\u0430\u0433\u0430\u043b\u044c\u043d\u043e\u043e\u0441\u0432\u0456\u0442\u043d\u044c\u043e\u0457 \u0448\u043a\u043e\u043b\u0438 \u2116220;<\/p>\n<p>1993 \u0440\u0456\u043a \u2013 \u043d\u0430\u0434\u0430\u043d\u043d\u044f \u0441\u0442\u0430\u0442\u0443\u0441\u0443 \u00ab\u0421\u043f\u0435\u0446\u0456\u0430\u043b\u0456\u0437\u043e\u0432\u0430\u043d\u0430 \u0448\u043a\u043e\u043b\u0430 \u0437 \u043f\u043e\u0433\u043b\u0438\u0431\u043b\u0435\u043d\u0438\u043c \u0432\u0438\u0432\u0447\u0435\u043d\u043d\u044f\u043c \u043d\u0456\u043c\u0435\u0446\u044c\u043a\u043e\u0457 \u043c\u043e\u0432\u0438\u00bb;<\/p>\n<p>2009 \u0440\u0456\u043a \u2013 \u0440\u0435\u043e\u0440\u0433\u0430\u043d\u0456\u0437\u0430\u0446\u0456\u044f \u0432 \u00ab\u0421\u043f\u0435\u0446\u0456\u0430\u043b\u0456\u0437\u043e\u0432\u0430\u043d\u0443 \u0448\u043a\u043e\u043b\u0443 \u0437 \u043f\u043e\u0433\u043b\u0438\u0431\u043b\u0435\u043d\u0438\u043c \u0432\u0438\u0432\u0447\u0435\u043d\u043d\u044f\u043c \u0456\u043d\u043e\u0437\u0435\u043c\u043d\u0438\u0445 \u043c\u043e\u0432 \u043c.\u041a\u0438\u0454\u0432\u0430\u00bb;<\/p>\n<p>2024 \u00a0\u0440\u0456\u043a \u2013 \u043d\u0430\u0434\u0430\u043d\u043d\u044f \u0441\u0442\u0430\u0442\u0443\u0441\u0443 \u00ab\u041b\u0456\u0446\u0435\u0439 \u2116 220 \u043c\u0456\u0441\u0442\u0430 \u041a\u0438\u0454\u0432\u0430\u00bb.<\/p>\n<p>\u0421\u044c\u043e\u0433\u043e\u0434\u043d\u0456 \u0443 \u043b\u0456\u0446\u0435\u0457 \u0432\u0438\u0432\u0447\u0430\u044e\u0442\u044c\u0441\u044f \u0430\u043d\u0433\u043b\u0456\u0439\u0441\u044c\u043a\u0430 \u0442\u0430 \u043d\u0456\u043c\u0435\u0446\u044c\u043a\u0430 \u043c\u043e\u0432\u0438. \u0412\u0438\u043a\u043b\u0430\u0434\u0430\u043d\u043d\u044f \u043f\u0440\u043e\u0432\u043e\u0434\u0438\u0442\u044c\u0441\u044f \u0443\u043a\u0440\u0430\u0457\u043d\u0441\u044c\u043a\u043e\u044e \u043c\u043e\u0432\u043e\u044e.<\/p>\n<\/div>\n<\/div><\/div><\/div><\/div><div id=\"pg-gb251-69e3c47c51a84-1\"  class=\"panel-grid panel-no-style\" ><div id=\"pgc-gb251-69e3c47c51a84-1-0\"  class=\"panel-grid-cell\" ><div id=\"panel-gb251-69e3c47c51a84-1-0-0\" class=\"so-panel widget widget_sow-editor panel-first-child panel-last-child\" data-index=\"2\" ><div\n\t\t\t\n\t\t\tclass=\"so-widget-sow-editor so-widget-sow-editor-base\"\n\t\t\t\n\t\t><h3 class=\"widget-title\">\u041e\u0444\u0456\u0446\u0456\u0439\u043d\u0430 \u0441\u0438\u043c\u0432\u043e\u043b\u0456\u043a\u0430 \u043d\u0430\u0448\u043e\u0433\u043e \u043b\u0456\u0446\u0435\u044e<\/h3>\n<div class=\"siteorigin-widget-tinymce textwidget\">\n\t<\/div>\n<\/div><\/div><\/div><\/div><div id=\"pg-gb251-69e3c47c51a84-2\"  class=\"panel-grid panel-no-style\" ><div id=\"pgc-gb251-69e3c47c51a84-2-0\"  class=\"panel-grid-cell\" ><div id=\"panel-gb251-69e3c47c51a84-2-0-0\" class=\"so-panel widget widget_sow-editor panel-first-child panel-last-child\" data-index=\"3\" ><div\n\t\t\t\n\t\t\tclass=\"so-widget-sow-editor so-widget-sow-editor-base\"\n\t\t\t\n\t\t><h3 class=\"widget-title\">\u041d\u0430\u0448 \u0433\u0456\u043c\u043d<\/h3>\n<div class=\"siteorigin-widget-tinymce textwidget\">\n\t<div id=\"pg-gb88-63caeb217419b-1\" class=\"panel-grid panel-no-style\">\n<div id=\"pgc-gb88-63caeb217419b-1-1\" class=\"panel-grid-cell\">\n<div id=\"panel-gb88-63caeb217419b-1-1-0\" class=\"so-panel widget widget_sow-editor panel-first-child\" data-index=\"3\">\n<div class=\"so-widget-sow-editor so-widget-sow-editor-base\">\n<div class=\"siteorigin-widget-tinymce textwidget\"><\/div>\n<\/div>\n<\/div>\n<\/div>\n<\/div>\n<div id=\"pg-gb88-63caeb217419b-2\" class=\"panel-grid panel-no-style\">\n<div id=\"pgc-gb88-63caeb217419b-2-0\" class=\"panel-grid-cell panel-grid-cell-empty\">\n<div id=\"panel-gb88-63caeb217419b-1-1-1\" class=\"so-panel widget widget_sow-editor panel-last-child\" data-index=\"4\">\n<div class=\"so-widget-sow-editor so-widget-sow-editor-base\">\n<div class=\"siteorigin-widget-tinymce textwidget\">\n<p><i>\u0421\u043b\u043e\u0432\u0430: \u0412\u043b\u0430\u0434\u0438\u043c\u0438\u0440\u043e\u0432\u043e\u0457 \u041b.\u041e.<\/i><\/p>\n<p><i>\u041c\u0443\u0437\u0438\u043a\u0430: \u041b\u043e\u0433\u0432\u0438\u043d\u0435\u043d\u043a\u043e \u0424.\u0406.<\/i><\/p>\n<p>&nbsp;<\/p>\n<\/div>\n<\/div>\n<\/div>\n<p>\u0412 \u0441\u0432\u0456\u0442\u0456 \u043a\u0440\u0430\u0449\u043e\u0457 \u043d\u0430\u043c \u0434\u043e\u043b\u0456 \u043d\u0435\u043c\u0430\u0454,<\/p>\n<p>\u042f\u043a \u0432\u0441\u0456\u043c \u0441\u0435\u0440\u0446\u0435\u043c \u041a\u0438\u0457\u0432 \u043d\u0430\u0448 \u043b\u044e\u0431\u0438\u0442\u044c.<\/p>\n<p>\u0414\u043e\u043a\u0438 \u044e\u043d\u0456\u0441\u0442\u044c \u0436\u0438\u0432\u0435 \u0456 \u0441\u043f\u0456\u0432\u0430\u0454,<\/p>\n<p>\u0411\u0443\u0434\u0435 \u0439 \u0448\u043a\u043e\u043b\u0430 \u0443\u043b\u044e\u0431\u043b\u0435\u043d\u0430 \u0436\u0438\u0442\u044c!<\/p>\n<\/div>\n<\/div>\n<\/div>\n<\/div><\/div><\/div><div id=\"pgc-gb251-69e3c47c51a84-2-1\"  class=\"panel-grid-cell\" ><div id=\"panel-gb251-69e3c47c51a84-2-1-0\" class=\"so-panel widget widget_sow-editor panel-first-child panel-last-child\" data-index=\"4\" ><div\n\t\t\t\n\t\t\tclass=\"so-widget-sow-editor so-widget-sow-editor-base\"\n\t\t\t\n\t\t>\n<div class=\"siteorigin-widget-tinymce textwidget\">\n\t<div id=\"pg-gb88-63caeb217419b-1\" class=\"panel-grid panel-no-style\">\n<div id=\"pgc-gb88-63caeb217419b-1-1\" class=\"panel-grid-cell\">\n<div id=\"panel-gb88-63caeb217419b-1-1-0\" class=\"so-panel widget widget_sow-editor panel-first-child\" data-index=\"3\">\n<div class=\"so-widget-sow-editor so-widget-sow-editor-base\">\n<div class=\"siteorigin-widget-tinymce textwidget\"><\/div>\n<\/div>\n<\/div>\n<\/div>\n<\/div>\n<div id=\"pg-gb88-63caeb217419b-2\" class=\"panel-grid panel-no-style\">\n<div id=\"pgc-gb88-63caeb217419b-2-1\" class=\"panel-grid-cell\">\n<div id=\"panel-gb88-63caeb217419b-2-1-0\" class=\"so-panel widget widget_sow-editor panel-first-child panel-last-child\" data-index=\"5\">\n<div class=\"so-widget-sow-editor so-widget-sow-editor-base\">\n<div class=\"siteorigin-widget-tinymce textwidget\">\n<p><strong>\u041f\u0440\u0438\u0441\u043f\u0456\u0432:<\/strong><\/p>\n<p>\u0414\u0432\u0456\u0441\u0442\u0456 \u0434\u0432\u0430\u0434\u0446\u044f\u0442\u0430, \u0442\u043e\u0431\u0456 \u0445\u0432\u0430\u043b\u0430<\/p>\n<p>\u0417\u0430 \u0442\u0456 \u0437\u043d\u0430\u043d\u043d\u044f, \u0449\u043e \u043d\u0430\u043c \u0434\u0430\u043b\u0430.<\/p>\n<p>\u0406\u0437 \u0440\u043e\u043a\u0443 \u0432 \u0440\u0456\u043a \u0447\u0435\u0440\u0435\u0437 \u0443\u0441\u0435 \u0436\u0438\u0442\u0442\u044f<\/p>\n<p>\u041d\u0435\u0441\u0435\u043c \u043c\u0438 \u0432\u0456\u0440\u0443 \u0432 \u043c\u0430\u0439\u0431\u0443\u0442\u0442\u044f.<\/p>\n<p>\u0417\u0430\u0432\u0436\u0434\u0438 \u0432\u0447\u0438\u0442\u0435\u043b\u044f\u043c \u043c\u0438 \u0431\u0443\u0434\u0435\u043c\u043e \u0440\u0430\u0434\u0456,<\/p>\n<p>\u0407\u043c \u0432\u0456\u0434 \u0441\u0435\u0440\u0446\u044f \u043d\u0438\u0437\u044c\u043a\u0438\u0439 \u043d\u0430\u0448 \u0443\u043a\u043b\u0456\u043d,<\/p>\n<p>\u0406 \u0432 \u0431\u0456\u0434\u0456 \u043d\u0430\u043c \u0457\u0445 \u0449\u0435\u0434\u0440\u0456 \u043f\u043e\u0440\u0430\u0434\u0438<\/p>\n<p>\u0414\u043e\u043f\u043e\u043c\u043e\u0436\u0443\u0442\u044c \u043f\u0456\u0434\u043d\u044f\u0442\u0438\u0441\u044c \u0437 \u043a\u043e\u043b\u0456\u043d.<\/p>\n<\/div>\n<\/div>\n<\/div>\n<\/div>\n<\/div>\n<\/div>\n<\/div><\/div><\/div><div id=\"pgc-gb251-69e3c47c51a84-2-2\"  class=\"panel-grid-cell\" ><div id=\"panel-gb251-69e3c47c51a84-2-2-0\" class=\"so-panel widget widget_sow-editor panel-first-child panel-last-child\" data-index=\"5\" ><div\n\t\t\t\n\t\t\tclass=\"so-widget-sow-editor so-widget-sow-editor-base\"\n\t\t\t\n\t\t>\n<div class=\"siteorigin-widget-tinymce textwidget\">\n\t<div id=\"pg-gb88-63caeb217419b-1\" class=\"panel-grid panel-no-style\">\n<div id=\"pgc-gb88-63caeb217419b-1-1\" class=\"panel-grid-cell\">\n<div id=\"panel-gb88-63caeb217419b-1-1-0\" class=\"so-panel widget widget_sow-editor panel-first-child\" data-index=\"3\">\n<div class=\"so-widget-sow-editor so-widget-sow-editor-base\"><\/div>\n<\/div>\n<\/div>\n<\/div>\n<div id=\"pg-gb88-63caeb217419b-2\" class=\"panel-grid panel-no-style\">\n<div id=\"pgc-gb88-63caeb217419b-2-1\" class=\"panel-grid-cell\">\n<div id=\"panel-gb88-63caeb217419b-2-1-0\" class=\"so-panel widget widget_sow-editor panel-first-child panel-last-child\" data-index=\"5\">\n<div class=\"so-widget-sow-editor so-widget-sow-editor-base\">\n<div class=\"siteorigin-widget-tinymce textwidget\">\n<p><strong>\u041f\u0440\u0438\u0441\u043f\u0456\u0432:<\/strong><\/p>\n<p>\u0420\u0456\u0434\u043d\u0438\u0445 \u0432\u0456\u043a\u043e\u043d \u0441\u0432\u0456\u0442 \u043c\u0438 \u0431\u0443\u0434\u0435\u043c\u043e \u0431\u0430\u0447\u0438\u0442\u0438 \u2013<\/p>\n<p>\u0417 \u0422\u0435\u0440\u0435\u043c\u043a\u0456\u0432 \u0434\u043e \u0441\u0435\u0440\u0446\u044f \u0432\u0456\u043d \u0437\u043b\u0456\u0442\u0430.<\/p>\n<p>\u0412 \u0441\u0432\u0456\u0442\u043b\u0443 \u044e\u043d\u0456\u0441\u0442\u044c \u0437 \u0443\u043a\u043b\u043e\u043d\u043e\u043c \u0456 \u0432\u0434\u044f\u0447\u043d\u0456\u0441\u0442\u044e<\/p>\n<p>\u0411\u0443\u0434\u0443\u0442\u044c \u0441\u043f\u043e\u0433\u0430\u0434\u0438 \u043d\u0430\u0441 \u043f\u043e\u0432\u0435\u0440\u0442\u0430\u0442\u044c.<\/p>\n<p><strong>\u041f\u0440\u0438\u0441\u043f\u0456\u0432: (\u0443\u043a\u0440\u0430\u0457\u043d\u0441\u044c\u043a\u043e\u044e \u043c\u043e\u0432\u043e\u044e)<\/strong><\/p>\n<p><strong>\u041f\u0440\u0438\u0441\u043f\u0456\u0432: (\u043d\u0456\u043c\u0435\u0446\u044c\u043a\u043e\u044e \u043c\u043e\u0432\u043e\u044e)<\/strong><\/p>\n<p>Schule 220 wird gelobt<\/p>\n<p>F\u00fcr diese Kenntnisse in Deutsch,<\/p>\n<p>In unserem Leben, im Berut und Job;<\/p>\n<p>F\u00fcr mich, f\u00fcr dich, f\u00fcr euch.<\/p>\n<\/div>\n<\/div>\n<\/div>\n<\/div>\n<\/div>\n<\/div>\n<\/div><\/div><\/div><\/div><div id=\"pg-gb251-69e3c47c51a84-3\"  class=\"panel-grid panel-no-style\" ><div id=\"pgc-gb251-69e3c47c51a84-3-0\"  class=\"panel-grid-cell\" ><div id=\"panel-gb251-69e3c47c51a84-3-0-0\" class=\"so-panel widget widget_sow-image panel-first-child panel-last-child\" data-index=\"6\" ><div\n\t\t\t\n\t\t\tclass=\"so-widget-sow-image so-widget-sow-image-default-113ccd71f3e6-251\"\n\t\t\t\n\t\t><h3 class=\"widget-title\">\u041d\u0430\u0448 \u043f\u0440\u0430\u043f\u043e\u0440<\/h3>\n<div class=\"sow-image-container\">\n\t\t<img \n\tsrc=\"https:\/\/220school.kyiv.ua\/wp-content\/uploads\/2023\/02\/Prapor-300x224-1.jpg\" width=\"300\" height=\"224\" sizes=\"(max-width: 300px) 100vw, 300px\" title=\"\u041d\u0430\u0448 \u043f\u0440\u0430\u043f\u043e\u0440\" alt=\"\" \t\tclass=\"so-widget-image\"\/>\n\t<\/div>\n\n<\/div><\/div><\/div><div id=\"pgc-gb251-69e3c47c51a84-3-1\"  class=\"panel-grid-cell\" ><div id=\"panel-gb251-69e3c47c51a84-3-1-0\" class=\"so-panel widget widget_sow-image panel-first-child panel-last-child\" data-index=\"7\" ><div\n\t\t\t\n\t\t\tclass=\"so-widget-sow-image so-widget-sow-image-default-113ccd71f3e6-251\"\n\t\t\t\n\t\t><h3 class=\"widget-title\">\u041d\u0430\u0448 \u0433\u0435\u0440\u0431<\/h3>\n<div class=\"sow-image-container\">\n\t\t<img \n\tsrc=\"https:\/\/220school.kyiv.ua\/wp-content\/uploads\/2025\/12\/1-1-300x300.jpg\" width=\"300\" height=\"300\" sizes=\"(max-width: 300px) 100vw, 300px\" title=\"\u041d\u0430\u0448 \u0433\u0435\u0440\u0431\" alt=\"\" \t\tclass=\"so-widget-image\"\/>\n\t<\/div>\n\n<\/div><\/div><\/div><div id=\"pgc-gb251-69e3c47c51a84-3-2\"  class=\"panel-grid-cell\" ><div id=\"panel-gb251-69e3c47c51a84-3-2-0\" class=\"so-panel widget widget_nav_menu panel-first-child panel-last-child\" data-index=\"8\" ><h3 class=\"widget-title\">\u041f\u0440\u043e \u043b\u0456\u0446\u0435\u0439<\/h3><div class=\"menu-%d0%bf%d1%80%d0%be-%d1%88%d0%ba%d0%be%d0%bb%d1%83-container\"><ul id=\"menu-%d0%bf%d1%80%d0%be-%d1%88%d0%ba%d0%be%d0%bb%d1%83\" class=\"menu\"><li id=\"menu-item-351\" class=\"menu-item menu-item-type-post_type menu-item-object-page menu-item-351\"><a href=\"https:\/\/220school.kyiv.ua\/?page_id=264\">\u0414\u043e\u0432\u0456\u0434\u043a\u0430 \u043f\u0440\u043e \u0437\u0430\u043a\u043b\u0430\u0434<\/a><\/li>\n<li id=\"menu-item-350\" class=\"menu-item menu-item-type-post_type menu-item-object-page menu-item-350\"><a href=\"https:\/\/220school.kyiv.ua\/?page_id=276\">\u0406\u043d\u0442\u0435\u0440\u2019\u0454\u0440\u0438 \u043b\u0456\u0446\u0435\u044e<\/a><\/li>\n<li id=\"menu-item-349\" class=\"menu-item menu-item-type-post_type menu-item-object-page menu-item-349\"><a href=\"https:\/\/220school.kyiv.ua\/?page_id=299\">\u0412\u0441\u0442\u0443\u043f \u0434\u043e \u043b\u0456\u0446\u0435\u044e<\/a><\/li>\n<li id=\"menu-item-348\" class=\"menu-item menu-item-type-post_type menu-item-object-page menu-item-348\"><a href=\"https:\/\/220school.kyiv.ua\/?page_id=310\">\u0422\u0435\u0440\u0438\u0442\u043e\u0440\u0456\u044f \u043e\u0431\u0441\u043b\u0443\u0433\u043e\u0432\u0443\u0432\u0430\u043d\u043d\u044f<\/a><\/li>\n<li id=\"menu-item-1072\" class=\"menu-item menu-item-type-post_type menu-item-object-page menu-item-1072\"><a href=\"https:\/\/220school.kyiv.ua\/?page_id=958\">\u041a\u0430\u0434\u0440\u043e\u0432\u0438\u0439 \u0441\u043a\u043b\u0430\u0434<\/a><\/li>\n<li id=\"menu-item-347\" class=\"menu-item menu-item-type-post_type menu-item-object-page menu-item-347\"><a href=\"https:\/\/220school.kyiv.ua\/?page_id=316\">\u041d\u0430\u044f\u0432\u043d\u0456\u0441\u0442\u044c \u0432\u0456\u043b\u044c\u043d\u0438\u0445 \u043c\u0456\u0441\u0446\u044c<\/a><\/li>\n<li id=\"menu-item-346\" class=\"menu-item menu-item-type-post_type menu-item-object-page menu-item-346\"><a href=\"https:\/\/220school.kyiv.ua\/?page_id=321\">\u041d\u0430\u0448\u0456 \u0437\u0434\u043e\u0431\u0443\u0442\u043a\u0438<\/a><\/li>\n<li id=\"menu-item-345\" class=\"menu-item menu-item-type-post_type menu-item-object-page menu-item-345\"><a href=\"https:\/\/220school.kyiv.ua\/?page_id=338\">\u0412\u0430\u043a\u0430\u043d\u0442\u043d\u0456 \u043f\u043e\u0441\u0430\u0434\u0438<\/a><\/li>\n<\/ul><\/div><\/div><\/div><\/div><\/div>","protected":false},"excerpt":{"rendered":"<p>1979 \u0440\u0456\u043a \u2013 \u0432\u0456\u0434\u043a\u0440\u0438\u0442\u0442\u044f \u0441\u0435\u0440\u0435\u0434\u043d\u044c\u043e\u0457 \u0437\u0430\u0433\u0430\u043b\u044c\u043d\u043e\u043e\u0441\u0432\u0456\u0442\u043d\u044c\u043e\u0457 \u0448\u043a\u043e\u043b\u0438 \u2116220; 1993 \u0440\u0456\u043a \u2013 \u043d\u0430\u0434\u0430\u043d\u043d\u044f \u0441\u0442\u0430\u0442\u0443\u0441\u0443 \u00ab\u0421\u043f\u0435\u0446\u0456\u0430\u043b\u0456\u0437\u043e\u0432\u0430\u043d\u0430 \u0448\u043a\u043e\u043b\u0430 \u0437 \u043f\u043e\u0433\u043b\u0438\u0431\u043b\u0435\u043d\u0438\u043c \u0432\u0438\u0432\u0447\u0435\u043d\u043d\u044f\u043c \u043d\u0456\u043c\u0435\u0446\u044c\u043a\u043e\u0457 \u043c\u043e\u0432\u0438\u00bb; 2009 \u0440\u0456\u043a \u2013 \u0440\u0435\u043e\u0440\u0433\u0430\u043d\u0456\u0437\u0430\u0446\u0456\u044f \u0432 \u00ab\u0421\u043f\u0435\u0446\u0456\u0430\u043b\u0456\u0437\u043e\u0432\u0430\u043d\u0443 \u0448\u043a\u043e\u043b\u0443 \u0437 \u043f\u043e\u0433\u043b\u0438\u0431\u043b\u0435\u043d\u0438\u043c \u0432\u0438\u0432\u0447\u0435\u043d\u043d\u044f\u043c \u0456\u043d\u043e\u0437\u0435\u043c\u043d\u0438\u0445 \u043c\u043e\u0432 \u043c.\u041a\u0438\u0454\u0432\u0430\u00bb; 2024 \u00a0\u0440\u0456\u043a \u2013 \u043d\u0430\u0434\u0430\u043d\u043d\u044f \u0441\u0442\u0430\u0442\u0443\u0441\u0443 \u00ab\u041b\u0456\u0446\u0435\u0439 \u2116 220 \u043c\u0456\u0441\u0442\u0430 \u041a\u0438\u0454\u0432\u0430\u00bb. \u0421\u044c\u043e\u0433\u043e\u0434\u043d\u0456 \u0443 \u043b\u0456\u0446\u0435\u0457 \u0432\u0438\u0432\u0447\u0430\u044e\u0442\u044c\u0441\u044f \u0430\u043d\u0433\u043b\u0456\u0439\u0441\u044c\u043a\u0430 \u0442\u0430 \u043d\u0456\u043c\u0435\u0446\u044c\u043a\u0430 \u043c\u043e\u0432\u0438. \u0412\u0438\u043a\u043b\u0430\u0434\u0430\u043d\u043d\u044f \u043f\u0440\u043e\u0432\u043e\u0434\u0438\u0442\u044c\u0441\u044f \u0443\u043a\u0440\u0430\u0457\u043d\u0441\u044c\u043a\u043e\u044e \u043c\u043e\u0432\u043e\u044e.<\/p>\n","protected":false},"author":2,"featured_media":0,"parent":0,"menu_order":0,"comment_status":"closed","ping_status":"closed","template":"","meta":{"footnotes":""},"class_list":["post-251","page","type-page","status-publish","hentry"],"_links":{"self":[{"href":"https:\/\/220school.kyiv.ua\/index.php?rest_route=\/wp\/v2\/pages\/251","targetHints":{"allow":["GET"]}}],"collection":[{"href":"https:\/\/220school.kyiv.ua\/index.php?rest_route=\/wp\/v2\/pages"}],"about":[{"href":"https:\/\/220school.kyiv.ua\/index.php?rest_route=\/wp\/v2\/types\/page"}],"author":[{"embeddable":true,"href":"https:\/\/220school.kyiv.ua\/index.php?rest_route=\/wp\/v2\/users\/2"}],"replies":[{"embeddable":true,"href":"https:\/\/220school.kyiv.ua\/index.php?rest_route=%2Fwp%2Fv2%2Fcomments&post=251"}],"version-history":[{"count":34,"href":"https:\/\/220school.kyiv.ua\/index.php?rest_route=\/wp\/v2\/pages\/251\/revisions"}],"predecessor-version":[{"id":6812,"href":"https:\/\/220school.kyiv.ua\/index.php?rest_route=\/wp\/v2\/pages\/251\/revisions\/6812"}],"wp:attachment":[{"href":"https:\/\/220school.kyiv.ua\/index.php?rest_route=%2Fwp%2Fv2%2Fmedia&parent=251"}],"curies":[{"name":"wp","href":"https:\/\/api.w.org\/{rel}","templated":true}]}}